{"id":219,"date":"2024-03-10T17:58:31","date_gmt":"2024-03-10T17:58:31","guid":{"rendered":"https:\/\/tokyotestfest.com\/?page_id=219"},"modified":"2024-09-08T08:47:37","modified_gmt":"2024-09-08T08:47:37","slug":"altug","status":"publish","type":"page","link":"https:\/\/tokyotestfest.com\/en\/altug\/","title":{"rendered":"Altug"},"content":{"rendered":"[vc_row type=&#8221;full_width_background&#8221; full_screen_row_position=&#8221;middle&#8221; column_margin=&#8221;default&#8221; column_direction=&#8221;default&#8221; column_direction_tablet=&#8221;default&#8221; column_direction_phone=&#8221;default&#8221; bg_color=&#8221;#bf3225&#8243; scene_position=&#8221;center&#8221; top_padding=&#8221;50&#8243; bottom_padding=&#8221;50&#8243; text_color=&#8221;dark&#8221; text_align=&#8221;left&#8221; row_border_radius=&#8221;none&#8221; row_border_radius_applies=&#8221;bg&#8221; overflow=&#8221;visible&#8221; overlay_strength=&#8221;0.3&#8243; gradient_direction=&#8221;left_to_right&#8221; shape_divider_position=&#8221;bottom&#8221; bg_image_animation=&#8221;none&#8221; gradient_type=&#8221;default&#8221; shape_type=&#8221;&#8221;][vc_column column_padding=&#8221;no-extra-padding&#8221; column_padding_tablet=&#8221;inherit&#8221; column_padding_phone=&#8221;inherit&#8221; column_padding_position=&#8221;all&#8221; column_element_direction_desktop=&#8221;default&#8221; column_element_spacing=&#8221;default&#8221; desktop_text_alignment=&#8221;default&#8221; tablet_text_alignment=&#8221;default&#8221; phone_text_alignment=&#8221;default&#8221; background_color_opacity=&#8221;1&#8243; background_hover_color_opacity=&#8221;1&#8243; column_backdrop_filter=&#8221;none&#8221; column_shadow=&#8221;none&#8221; column_border_radius=&#8221;none&#8221; column_link_target=&#8221;_self&#8221; column_position=&#8221;default&#8221; gradient_direction=&#8221;left_to_right&#8221; overlay_strength=&#8221;0.3&#8243; width=&#8221;1\/1&#8243; tablet_width_inherit=&#8221;default&#8221; animation_type=&#8221;default&#8221; bg_image_animation=&#8221;none&#8221; border_type=&#8221;simple&#8221; column_border_width=&#8221;none&#8221; column_border_style=&#8221;solid&#8221;][vc_custom_heading text=&#8221;Speakers&#8221; font_container=&#8221;tag:h1|font_size:44|text_align:center|color:%23ffffff&#8221; use_theme_fonts=&#8221;yes&#8221;][\/vc_column][\/vc_row][vc_row type=&#8221;full_width_background&#8221; full_screen_row_position=&#8221;middle&#8221; column_margin=&#8221;default&#8221; column_direction=&#8221;default&#8221; column_direction_tablet=&#8221;default&#8221; column_direction_phone=&#8221;default&#8221; bg_image=&#8221;34&#8243; bg_position=&#8221;left top&#8221; background_image_loading=&#8221;default&#8221; bg_repeat=&#8221;no-repeat&#8221; scene_position=&#8221;center&#8221; top_padding=&#8221;60px&#8221; constrain_group_1=&#8221;yes&#8221; bottom_padding=&#8221;60px&#8221; text_color=&#8221;dark&#8221; text_align=&#8221;left&#8221; row_border_radius=&#8221;none&#8221; row_border_radius_applies=&#8221;bg&#8221; overflow=&#8221;visible&#8221; overlay_strength=&#8221;0.3&#8243; gradient_direction=&#8221;left_to_right&#8221; shape_divider_position=&#8221;bottom&#8221; bg_image_animation=&#8221;none&#8221; gradient_type=&#8221;default&#8221; shape_type=&#8221;&#8221;][vc_column column_padding=&#8221;no-extra-padding&#8221; column_padding_tablet=&#8221;inherit&#8221; column_padding_phone=&#8221;inherit&#8221; column_padding_position=&#8221;all&#8221; column_element_direction_desktop=&#8221;default&#8221; column_element_spacing=&#8221;default&#8221; desktop_text_alignment=&#8221;default&#8221; tablet_text_alignment=&#8221;default&#8221; phone_text_alignment=&#8221;default&#8221; background_color_opacity=&#8221;1&#8243; background_hover_color_opacity=&#8221;1&#8243; column_backdrop_filter=&#8221;none&#8221; column_shadow=&#8221;none&#8221; column_border_radius=&#8221;none&#8221; column_link_target=&#8221;_self&#8221; column_position=&#8221;default&#8221; gradient_direction=&#8221;left_to_right&#8221; overlay_strength=&#8221;0.3&#8243; width=&#8221;1\/6&#8243; tablet_width_inherit=&#8221;default&#8221; animation_type=&#8221;default&#8221; bg_image_animation=&#8221;none&#8221; border_type=&#8221;simple&#8221; column_border_width=&#8221;none&#8221; column_border_style=&#8221;solid&#8221;][\/vc_column][vc_column column_padding=&#8221;no-extra-padding&#8221; column_padding_tablet=&#8221;inherit&#8221; column_padding_phone=&#8221;inherit&#8221; column_padding_position=&#8221;all&#8221; column_element_direction_desktop=&#8221;default&#8221; column_element_spacing=&#8221;default&#8221; desktop_text_alignment=&#8221;default&#8221; tablet_text_alignment=&#8221;default&#8221; phone_text_alignment=&#8221;default&#8221; background_color_opacity=&#8221;1&#8243; background_hover_color_opacity=&#8221;1&#8243; column_backdrop_filter=&#8221;none&#8221; column_shadow=&#8221;none&#8221; column_border_radius=&#8221;none&#8221; column_link_target=&#8221;_self&#8221; column_position=&#8221;default&#8221; gradient_direction=&#8221;left_to_right&#8221; overlay_strength=&#8221;0.3&#8243; width=&#8221;2\/3&#8243; tablet_width_inherit=&#8221;default&#8221; animation_type=&#8221;default&#8221; bg_image_animation=&#8221;none&#8221; border_type=&#8221;simple&#8221; column_border_width=&#8221;none&#8221; column_border_style=&#8221;solid&#8221;][vc_custom_heading text=&#8221;Altu\u011f Bilgin Alt\u0131nta\u015f&#8221; font_container=&#8221;tag:h2|font_size:36|text_align:center|color:%23bf3225&#8243; use_theme_fonts=&#8221;yes&#8221;][divider line_type=&#8221;No Line&#8221; custom_height=&#8221;32px&#8221;][image_with_animation image_url=&#8221;646&#8243; image_size=&#8221;medium&#8221; animation_type=&#8221;entrance&#8221; animation=&#8221;None&#8221; animation_movement_type=&#8221;transform_y&#8221; hover_animation=&#8221;none&#8221; alignment=&#8221;center&#8221; img_link_target=&#8221;_blank&#8221; border_radius=&#8221;none&#8221; box_shadow=&#8221;none&#8221; image_loading=&#8221;default&#8221; max_width=&#8221;100%&#8221; max_width_mobile=&#8221;default&#8221;][vc_custom_heading text=&#8221;Biography&#8221; font_container=&#8221;tag:h4|font_size:20|text_align:left|color:%23bf655d&#8221; use_theme_fonts=&#8221;yes&#8221;][vc_column_text text_direction=&#8221;default&#8221;]<span style=\"font-weight: 400;\">Altu\u011f Bilgin Alt\u0131nta\u015f is an \u0130T professional with extensive experience as a Software Architect, Author, Mentor. He is highly experienced in the Software Development Life-Cycle, Project Management, Business Analysis, Lean and Business Agility Methods, and Java Technologies. Altu\u011f has published books on Java Technologies and Agile management with Kanban. He is active as a speaker and event organizer. A staunch advocate of Test-Driven Development (TDD) and clean coding, Altu\u011f strives to deliver high-quality, maintainable software. His insatiable curiosity fuels his continuous learning journey, allowing him to stay at the forefront of business agility methods and best practices. He is currently working for ING Technology as an Enterprise Architect.<\/span>[\/vc_column_text][divider line_type=&#8221;No Line&#8221; custom_height=&#8221;42px&#8221;][vc_custom_heading text=&#8221;About the Tutorial&#8221; font_container=&#8221;tag:h4|font_size:20|text_align:left|color:%23bf655d&#8221; use_theme_fonts=&#8221;yes&#8221;][vc_column_text text_direction=&#8221;default&#8221;]\n<h3><strong>9:00 &#8211; 10:30 &#8211; Elevate Your Testing Strategy: An Introduction to Mutation Testing<\/strong><\/h3>\n<p>&nbsp;<\/p>\n<p><span style=\"font-weight: 400;\">Join us for an insightful session on Mutation Testing, where we explore its definition, purpose, and advantages over traditional testing methods. <\/span><\/p>\n<p><span style=\"font-weight: 400;\">Learn how to ensure the quality of your production code, tackle the challenge of testing code quality. <\/span><\/p>\n<p><span style=\"font-weight: 400;\">Delve into the mutation testing process, understand mutators, and review real-world examples and case studies. Gain practical tips and best practices to integrate Mutation Testing into your workflow, enhancing your overall testing efficiency and effectiveness.<\/span><\/p>\n<p><span style=\"font-weight: 400;\">This 1-hour workshop will guide you through the fundamentals of Mutation Testing, emphasizing its importance and advantages over traditional testing methods. We will explore how to ensure the quality of your production code, measure code coverage effectively, and understand the concept of mutators. The session includes practical examples, case studies, and best practices to integrate Mutation Testing into your workflow, thereby enhancing your testing efficiency.<\/span><\/p>\n<p><b>Prerequisites for Attendees:<\/b><\/p>\n<ul>\n<li style=\"font-weight: 400;\" aria-level=\"1\"><b>Java Version:<\/b><span style=\"font-weight: 400;\"> Java 21<\/span><\/li>\n<li style=\"font-weight: 400;\" aria-level=\"1\"><b>Build Tool:<\/b><span style=\"font-weight: 400;\"> Maven\u00a0<\/span><\/li>\n<li style=\"font-weight: 400;\" aria-level=\"1\"><b>IDE:<\/b><span style=\"font-weight: 400;\"> IntelliJ, VS Code or Netbeans<\/span><\/li>\n<\/ul>\n<p><span style=\"font-weight: 400;\">Participants should ensure that they have the required software installed and configured on their systems before attending the workshop for a smooth and productive session.<\/span><\/p>\n<p>&nbsp;<\/p>\n<p><strong>Please Register here: <\/strong><\/p>\n<p><a href=\"https:\/\/www.meetup.com\/japan-test-community\/events\/302590722\/\"><span style=\"font-weight: 400;\">Meetup<\/span><\/a><\/p>\n<p><a href=\"https:\/\/japantestcommunity.connpass.com\/event\/327166\/\"><span style=\"font-weight: 400;\">Connpass<\/span><\/a>[\/vc_column_text][divider line_type=&#8221;No Line&#8221; custom_height=&#8221;32px&#8221;][\/vc_column][vc_column column_padding=&#8221;no-extra-padding&#8221; column_padding_tablet=&#8221;inherit&#8221; column_padding_phone=&#8221;inherit&#8221; column_padding_position=&#8221;all&#8221; column_element_direction_desktop=&#8221;default&#8221; column_element_spacing=&#8221;default&#8221; desktop_text_alignment=&#8221;default&#8221; tablet_text_alignment=&#8221;default&#8221; phone_text_alignment=&#8221;default&#8221; background_color_opacity=&#8221;1&#8243; background_hover_color_opacity=&#8221;1&#8243; column_backdrop_filter=&#8221;none&#8221; column_shadow=&#8221;none&#8221; column_border_radius=&#8221;none&#8221; column_link_target=&#8221;_self&#8221; column_position=&#8221;default&#8221; gradient_direction=&#8221;left_to_right&#8221; overlay_strength=&#8221;0.3&#8243; width=&#8221;1\/6&#8243; tablet_width_inherit=&#8221;default&#8221; animation_type=&#8221;default&#8221; bg_image_animation=&#8221;none&#8221; border_type=&#8221;simple&#8221; column_border_width=&#8221;none&#8221; column_border_style=&#8221;solid&#8221;][\/vc_column][\/vc_row]\n","protected":false},"excerpt":{"rendered":"<p>[vc_row type=&#8221;full_width_background&#8221; full_screen_row_position=&#8221;middle&#8221; column_margin=&#8221;default&#8221; column_direction=&#8221;default&#8221; column_direction_tablet=&#8221;default&#8221; column_direction_phone=&#8221;default&#8221; bg_color=&#8221;#bf3225&#8243; scene_position=&#8221;center&#8221; top_padding=&#8221;50&#8243; bottom_padding=&#8221;50&#8243; text_color=&#8221;dark&#8221; text_align=&#8221;left&#8221; row_border_radius=&#8221;none&#8221; row_border_radius_applies=&#8221;bg&#8221; overflow=&#8221;visible&#8221; overlay_strength=&#8221;0.3&#8243; gradient_direction=&#8221;left_to_right&#8221; shape_divider_position=&#8221;bottom&#8221; bg_image_animation=&#8221;none&#8221; gradient_type=&#8221;default&#8221; shape_type=&#8221;&#8221;][vc_column column_padding=&#8221;no-extra-padding&#8221; column_padding_tablet=&#8221;inherit&#8221; column_padding_phone=&#8221;inherit&#8221; column_padding_position=&#8221;all&#8221; column_element_direction_desktop=&#8221;default&#8221; column_element_spacing=&#8221;default&#8221; desktop_text_alignment=&#8221;default&#8221; tablet_text_alignment=&#8221;default&#8221;&#8230;<\/p>\n","protected":false},"author":2,"featured_media":0,"parent":0,"menu_order":0,"comment_status":"closed","ping_status":"closed","template":"","meta":{"inline_featured_image":false,"footnotes":""},"class_list":["post-219","page","type-page","status-publish"],"yoast_head":"<!-- This site is optimized with the Yoast SEO plugin v26.7 - https:\/\/yoast.com\/wordpress\/plugins\/seo\/ -->\n<title>Altug - Tokyo Test Fest - The Annual International Testing Conference in Japan<\/title>\n<meta name=\"robots\" content=\"index, follow, max-snippet:-1, max-image-preview:large, max-video-preview:-1\" \/>\n<link rel=\"canonical\" href=\"https:\/\/tokyotestfest.com\/en\/altug\/\" \/>\n<meta property=\"og:locale\" content=\"en_US\" \/>\n<meta property=\"og:type\" content=\"article\" \/>\n<meta property=\"og:title\" content=\"Altug - Tokyo Test Fest - The Annual International Testing Conference in Japan\" \/>\n<meta property=\"og:description\" content=\"[vc_row type=&#8221;full_width_background&#8221; full_screen_row_position=&#8221;middle&#8221; column_margin=&#8221;default&#8221; column_direction=&#8221;default&#8221; column_direction_tablet=&#8221;default&#8221; column_direction_phone=&#8221;default&#8221; bg_color=&#8221;#bf3225&#8243; scene_position=&#8221;center&#8221; top_padding=&#8221;50&#8243; bottom_padding=&#8221;50&#8243; text_color=&#8221;dark&#8221; text_align=&#8221;left&#8221; row_border_radius=&#8221;none&#8221; row_border_radius_applies=&#8221;bg&#8221; overflow=&#8221;visible&#8221; overlay_strength=&#8221;0.3&#8243; gradient_direction=&#8221;left_to_right&#8221; shape_divider_position=&#8221;bottom&#8221; bg_image_animation=&#8221;none&#8221; gradient_type=&#8221;default&#8221; shape_type=&#8221;&#8221;][vc_column column_padding=&#8221;no-extra-padding&#8221; column_padding_tablet=&#8221;inherit&#8221; column_padding_phone=&#8221;inherit&#8221; column_padding_position=&#8221;all&#8221; column_element_direction_desktop=&#8221;default&#8221; column_element_spacing=&#8221;default&#8221; desktop_text_alignment=&#8221;default&#8221; tablet_text_alignment=&#8221;default&#8221;...\" \/>\n<meta property=\"og:url\" content=\"https:\/\/tokyotestfest.com\/en\/altug\/\" \/>\n<meta property=\"og:site_name\" content=\"Tokyo Test Fest - The Annual International Testing Conference in Japan\" \/>\n<meta property=\"article:publisher\" content=\"https:\/\/www.facebook.com\/tokyotestfest\" \/>\n<meta property=\"article:modified_time\" content=\"2024-09-08T08:47:37+00:00\" \/>\n<meta name=\"twitter:card\" content=\"summary_large_image\" \/>\n<meta name=\"twitter:site\" content=\"@tokyotestfest\" \/>\n<meta name=\"twitter:label1\" content=\"Est. reading time\" \/>\n\t<meta name=\"twitter:data1\" content=\"18 minutes\" \/>\n<script type=\"application\/ld+json\" class=\"yoast-schema-graph\">{\"@context\":\"https:\/\/schema.org\",\"@graph\":[{\"@type\":\"WebPage\",\"@id\":\"https:\/\/tokyotestfest.com\/en\/altug\/\",\"url\":\"https:\/\/tokyotestfest.com\/en\/altug\/\",\"name\":\"Altug - Tokyo Test Fest - The Annual International Testing Conference in Japan\",\"isPartOf\":{\"@id\":\"https:\/\/tokyotestfest.com\/#website\"},\"datePublished\":\"2024-03-10T17:58:31+00:00\",\"dateModified\":\"2024-09-08T08:47:37+00:00\",\"breadcrumb\":{\"@id\":\"https:\/\/tokyotestfest.com\/en\/altug\/#breadcrumb\"},\"inLanguage\":\"en-US\",\"potentialAction\":[{\"@type\":\"ReadAction\",\"target\":[\"https:\/\/tokyotestfest.com\/en\/altug\/\"]}]},{\"@type\":\"BreadcrumbList\",\"@id\":\"https:\/\/tokyotestfest.com\/en\/altug\/#breadcrumb\",\"itemListElement\":[{\"@type\":\"ListItem\",\"position\":1,\"name\":\"Home\",\"item\":\"https:\/\/tokyotestfest.com\/en\/\"},{\"@type\":\"ListItem\",\"position\":2,\"name\":\"Altug\"}]},{\"@type\":\"WebSite\",\"@id\":\"https:\/\/tokyotestfest.com\/#website\",\"url\":\"https:\/\/tokyotestfest.com\/\",\"name\":\"Tokyo Test Fest - The Annual International Testing Conference in Japan\",\"description\":\"\",\"publisher\":{\"@id\":\"https:\/\/tokyotestfest.com\/#organization\"},\"potentialAction\":[{\"@type\":\"SearchAction\",\"target\":{\"@type\":\"EntryPoint\",\"urlTemplate\":\"https:\/\/tokyotestfest.com\/?s={search_term_string}\"},\"query-input\":{\"@type\":\"PropertyValueSpecification\",\"valueRequired\":true,\"valueName\":\"search_term_string\"}}],\"inLanguage\":\"en-US\"},{\"@type\":\"Organization\",\"@id\":\"https:\/\/tokyotestfest.com\/#organization\",\"name\":\"Tokyo Test Fest - \u65e5\u672c\u3067\u6bce\u5e74\u958b\u50ac\u3055\u308c\u308b\u3001\u30bd\u30d5\u30c8\u30a6\u30a7\u30a2\u30c6\u30b9\u30c8\u306e\u56fd\u969b\u30ab\u30f3\u30d5\u30a1\u30ec\u30f3\u30b9\",\"url\":\"https:\/\/tokyotestfest.com\/\",\"logo\":{\"@type\":\"ImageObject\",\"inLanguage\":\"en-US\",\"@id\":\"https:\/\/tokyotestfest.com\/#\/schema\/logo\/image\/\",\"url\":\"https:\/\/tokyotestfest.com\/wp-content\/uploads\/2025\/04\/Tokyo-Test-Fest-Organization-Logo.png\",\"contentUrl\":\"https:\/\/tokyotestfest.com\/wp-content\/uploads\/2025\/04\/Tokyo-Test-Fest-Organization-Logo.png\",\"width\":696,\"height\":696,\"caption\":\"Tokyo Test Fest - \u65e5\u672c\u3067\u6bce\u5e74\u958b\u50ac\u3055\u308c\u308b\u3001\u30bd\u30d5\u30c8\u30a6\u30a7\u30a2\u30c6\u30b9\u30c8\u306e\u56fd\u969b\u30ab\u30f3\u30d5\u30a1\u30ec\u30f3\u30b9\"},\"image\":{\"@id\":\"https:\/\/tokyotestfest.com\/#\/schema\/logo\/image\/\"},\"sameAs\":[\"https:\/\/www.facebook.com\/tokyotestfest\",\"https:\/\/x.com\/tokyotestfest\",\"https:\/\/www.linkedin.com\/company\/tokyotestfest\/\"]}]}<\/script>\n<!-- \/ Yoast SEO plugin. -->","yoast_head_json":{"title":"Altug - Tokyo Test Fest - The Annual International Testing Conference in Japan","robots":{"index":"index","follow":"follow","max-snippet":"max-snippet:-1","max-image-preview":"max-image-preview:large","max-video-preview":"max-video-preview:-1"},"canonical":"https:\/\/tokyotestfest.com\/en\/altug\/","og_locale":"en_US","og_type":"article","og_title":"Altug - Tokyo Test Fest - The Annual International Testing Conference in Japan","og_description":"[vc_row type=&#8221;full_width_background&#8221; full_screen_row_position=&#8221;middle&#8221; column_margin=&#8221;default&#8221; column_direction=&#8221;default&#8221; column_direction_tablet=&#8221;default&#8221; column_direction_phone=&#8221;default&#8221; bg_color=&#8221;#bf3225&#8243; scene_position=&#8221;center&#8221; top_padding=&#8221;50&#8243; bottom_padding=&#8221;50&#8243; text_color=&#8221;dark&#8221; text_align=&#8221;left&#8221; row_border_radius=&#8221;none&#8221; row_border_radius_applies=&#8221;bg&#8221; overflow=&#8221;visible&#8221; overlay_strength=&#8221;0.3&#8243; gradient_direction=&#8221;left_to_right&#8221; shape_divider_position=&#8221;bottom&#8221; bg_image_animation=&#8221;none&#8221; gradient_type=&#8221;default&#8221; shape_type=&#8221;&#8221;][vc_column column_padding=&#8221;no-extra-padding&#8221; column_padding_tablet=&#8221;inherit&#8221; column_padding_phone=&#8221;inherit&#8221; column_padding_position=&#8221;all&#8221; column_element_direction_desktop=&#8221;default&#8221; column_element_spacing=&#8221;default&#8221; desktop_text_alignment=&#8221;default&#8221; tablet_text_alignment=&#8221;default&#8221;...","og_url":"https:\/\/tokyotestfest.com\/en\/altug\/","og_site_name":"Tokyo Test Fest - The Annual International Testing Conference in Japan","article_publisher":"https:\/\/www.facebook.com\/tokyotestfest","article_modified_time":"2024-09-08T08:47:37+00:00","twitter_card":"summary_large_image","twitter_site":"@tokyotestfest","twitter_misc":{"Est. reading time":"18 minutes"},"schema":{"@context":"https:\/\/schema.org","@graph":[{"@type":"WebPage","@id":"https:\/\/tokyotestfest.com\/en\/altug\/","url":"https:\/\/tokyotestfest.com\/en\/altug\/","name":"Altug - Tokyo Test Fest - The Annual International Testing Conference in Japan","isPartOf":{"@id":"https:\/\/tokyotestfest.com\/#website"},"datePublished":"2024-03-10T17:58:31+00:00","dateModified":"2024-09-08T08:47:37+00:00","breadcrumb":{"@id":"https:\/\/tokyotestfest.com\/en\/altug\/#breadcrumb"},"inLanguage":"en-US","potentialAction":[{"@type":"ReadAction","target":["https:\/\/tokyotestfest.com\/en\/altug\/"]}]},{"@type":"BreadcrumbList","@id":"https:\/\/tokyotestfest.com\/en\/altug\/#breadcrumb","itemListElement":[{"@type":"ListItem","position":1,"name":"Home","item":"https:\/\/tokyotestfest.com\/en\/"},{"@type":"ListItem","position":2,"name":"Altug"}]},{"@type":"WebSite","@id":"https:\/\/tokyotestfest.com\/#website","url":"https:\/\/tokyotestfest.com\/","name":"Tokyo Test Fest - The Annual International Testing Conference in Japan","description":"","publisher":{"@id":"https:\/\/tokyotestfest.com\/#organization"},"potentialAction":[{"@type":"SearchAction","target":{"@type":"EntryPoint","urlTemplate":"https:\/\/tokyotestfest.com\/?s={search_term_string}"},"query-input":{"@type":"PropertyValueSpecification","valueRequired":true,"valueName":"search_term_string"}}],"inLanguage":"en-US"},{"@type":"Organization","@id":"https:\/\/tokyotestfest.com\/#organization","name":"Tokyo Test Fest - \u65e5\u672c\u3067\u6bce\u5e74\u958b\u50ac\u3055\u308c\u308b\u3001\u30bd\u30d5\u30c8\u30a6\u30a7\u30a2\u30c6\u30b9\u30c8\u306e\u56fd\u969b\u30ab\u30f3\u30d5\u30a1\u30ec\u30f3\u30b9","url":"https:\/\/tokyotestfest.com\/","logo":{"@type":"ImageObject","inLanguage":"en-US","@id":"https:\/\/tokyotestfest.com\/#\/schema\/logo\/image\/","url":"https:\/\/tokyotestfest.com\/wp-content\/uploads\/2025\/04\/Tokyo-Test-Fest-Organization-Logo.png","contentUrl":"https:\/\/tokyotestfest.com\/wp-content\/uploads\/2025\/04\/Tokyo-Test-Fest-Organization-Logo.png","width":696,"height":696,"caption":"Tokyo Test Fest - \u65e5\u672c\u3067\u6bce\u5e74\u958b\u50ac\u3055\u308c\u308b\u3001\u30bd\u30d5\u30c8\u30a6\u30a7\u30a2\u30c6\u30b9\u30c8\u306e\u56fd\u969b\u30ab\u30f3\u30d5\u30a1\u30ec\u30f3\u30b9"},"image":{"@id":"https:\/\/tokyotestfest.com\/#\/schema\/logo\/image\/"},"sameAs":["https:\/\/www.facebook.com\/tokyotestfest","https:\/\/x.com\/tokyotestfest","https:\/\/www.linkedin.com\/company\/tokyotestfest\/"]}]}},"_links":{"self":[{"href":"https:\/\/tokyotestfest.com\/en\/wp-json\/wp\/v2\/pages\/219","targetHints":{"allow":["GET"]}}],"collection":[{"href":"https:\/\/tokyotestfest.com\/en\/wp-json\/wp\/v2\/pages"}],"about":[{"href":"https:\/\/tokyotestfest.com\/en\/wp-json\/wp\/v2\/types\/page"}],"author":[{"embeddable":true,"href":"https:\/\/tokyotestfest.com\/en\/wp-json\/wp\/v2\/users\/2"}],"replies":[{"embeddable":true,"href":"https:\/\/tokyotestfest.com\/en\/wp-json\/wp\/v2\/comments?post=219"}],"version-history":[{"count":15,"href":"https:\/\/tokyotestfest.com\/en\/wp-json\/wp\/v2\/pages\/219\/revisions"}],"predecessor-version":[{"id":1250,"href":"https:\/\/tokyotestfest.com\/en\/wp-json\/wp\/v2\/pages\/219\/revisions\/1250"}],"wp:attachment":[{"href":"https:\/\/tokyotestfest.com\/en\/wp-json\/wp\/v2\/media?parent=219"}],"curies":[{"name":"wp","href":"https:\/\/api.w.org\/{rel}","templated":true}]}}